{"id":2281,"date":"2020-07-20T13:03:12","date_gmt":"2020-07-20T10:03:12","guid":{"rendered":"https:\/\/manual.adservio.ro\/mobile\/?page_id=2281"},"modified":"2021-07-30T15:42:38","modified_gmt":"2021-07-30T12:42:38","slug":"acasa","status":"publish","type":"page","link":"https:\/\/manual.adservio.ro\/mobile\/","title":{"rendered":"Acasa"},"content":{"rendered":"<div class=\"wpb-content-wrapper\"><p>[vc_row row_content_display=&#8221;in_grid&#8221; row_content_display_align=&#8221;left&#8221; row_type=&#8221;row&#8221; stretch_row_type=&#8221;yes&#8221; css=&#8221;.vc_custom_1593088177951{padding-top: 40px !important;padding-bottom: 40px !important;}&#8221;][vc_column][vc_custom_heading text=&#8221;Caut\u0103 dup\u0103 tipul de utilizator&#8221; font_container=&#8221;tag:h3|text_align:left|color:%230a0a0a&#8221; use_theme_fonts=&#8221;yes&#8221; css=&#8221;.vc_custom_1595848988498{padding-bottom: 45px !important;}&#8221;][vc_row_inner][vc_column_inner width=&#8221;1\/3&#8243;]<a href=\"https:\/\/manual.adservio.ro\/mobile\/elev-parinte\/\"  class=\"ult_price_action_button\" style=\"\"><div class=\"ult_pricing_table_wrap ult_info_table ult_design_4  ult-cs-gray  \">\n\t\t\t\t\t<div class=\"ult_pricing_table \" style=\" \"><div id=\"Info-table-wrap-7898\" class=\"ult_pricing_heading\">\n\t\t\t\t\t\t\t<h4 class=\"ult-responsive\"  data-ultimate-target='#Info-table-wrap-7898 h4'  data-responsive-json-new='{\"font-size\":\"\",\"line-height\":\"\"}'  style=\"font-weight:bold;color:#0a0a0a;\">Elev \/ P\u0103rinte<\/h4><\/div><!--ult_pricing_heading--><div class=\"ult_price_body_block\">\n\t\t\t\t\t\t\t<div class=\"ult_price_body\">\n\t\t\t\t\t\t\t\t<div class=\"ult_price\">\n\t\t\t\t\t\t\t\t\t<div class=\"ult-just-icon-wrapper  \"><div class=\"align-icon\" style=\"text-align:center;\">\n<div class=\"aio-icon-img \" style=\"font-size:128px;display:inline-block;\" >\n\t<img decoding=\"async\" class=\"img-icon\" alt=\"\" src=\"https:\/\/manual.adservio.ro\/mobile\/wp-content\/uploads\/2020\/07\/user-_Elevi-parinti.png\"\/>\n<\/div><\/div><\/div>\n\t\t\t\t\t\t\t\t<\/div>\n\t\t\t\t\t\t\t<\/div>\n\t\t\t\t\t\t<\/div><!--ult_price_body_block--><div id=\"info_table_features_wrap-3751\"  data-ultimate-target='#info_table_features_wrap-3751.ult_price_features'  data-responsive-json-new='{\"font-size\":\"\",\"line-height\":\"\"}'  class=\"ult-responsive ult_price_features\" style=\"font-weight:normal;color:#0a0d35;\">\n\t\t\t\t\t\t\t<p>R\u0103m\u00e2i conectat cu informa\u021bia \u0219colar\u0103<\/p>\n\n\t\t\t\t\t\t<\/div><!--ult_price_features--><div class=\"ult_clr\"><\/div>\n\t\t\t<\/div><!--pricing_table-->\n\t\t<\/div><!--pricing_table_wrap--><\/a>[\/vc_column_inner][vc_column_inner width=&#8221;1\/3&#8243;]<a href=\"https:\/\/manual.adservio.ro\/mobile\/elev-parinte\/\"  class=\"ult_price_action_button\" style=\"\"><div class=\"ult_pricing_table_wrap ult_info_table ult_design_4  ult-cs-gray  \">\n\t\t\t\t\t<div class=\"ult_pricing_table \" style=\" \"><div id=\"Info-table-wrap-3640\" class=\"ult_pricing_heading\">\n\t\t\t\t\t\t\t<h4 class=\"ult-responsive\"  data-ultimate-target='#Info-table-wrap-3640 h4'  data-responsive-json-new='{\"font-size\":\"\",\"line-height\":\"\"}'  style=\"font-weight:bold;color:#0a0a0a;\">Profesor \/ \u00cenv\u0103\u021b\u0103tor \/ Educator<\/h4><\/div><!--ult_pricing_heading--><div class=\"ult_price_body_block\">\n\t\t\t\t\t\t\t<div class=\"ult_price_body\">\n\t\t\t\t\t\t\t\t<div class=\"ult_price\">\n\t\t\t\t\t\t\t\t\t<div class=\"ult-just-icon-wrapper  \"><div class=\"align-icon\" style=\"text-align:center;\">\n<div class=\"aio-icon-img \" style=\"font-size:128px;display:inline-block;\" >\n\t<img decoding=\"async\" class=\"img-icon\" alt=\"\" src=\"https:\/\/manual.adservio.ro\/mobile\/wp-content\/uploads\/2020\/07\/user-_profesori.png\"\/>\n<\/div><\/div><\/div>\n\t\t\t\t\t\t\t\t<\/div>\n\t\t\t\t\t\t\t<\/div>\n\t\t\t\t\t\t<\/div><!--ult_price_body_block--><div id=\"info_table_features_wrap-5172\"  data-ultimate-target='#info_table_features_wrap-5172.ult_price_features'  data-responsive-json-new='{\"font-size\":\"\",\"line-height\":\"\"}'  class=\"ult-responsive ult_price_features\" style=\"font-weight:normal;color:#0a0d35;\">\n\t\t\t\t\t\t\t<p>Realizeaz\u0103 u\u0219or activitatea didactic\u0103<\/p>\n\n\t\t\t\t\t\t<\/div><!--ult_price_features--><div class=\"ult_clr\"><\/div>\n\t\t\t<\/div><!--pricing_table-->\n\t\t<\/div><!--pricing_table_wrap--><\/a>[\/vc_column_inner][vc_column_inner width=&#8221;1\/3&#8243;]<a href=\"https:\/\/manual.adservio.ro\/mobile\/director-secretar\/\"  class=\"ult_price_action_button\" style=\"\"><div class=\"ult_pricing_table_wrap ult_info_table ult_design_4  ult-cs-gray  \">\n\t\t\t\t\t<div class=\"ult_pricing_table \" style=\" \"><div id=\"Info-table-wrap-5661\" class=\"ult_pricing_heading\">\n\t\t\t\t\t\t\t<h4 class=\"ult-responsive\"  data-ultimate-target='#Info-table-wrap-5661 h4'  data-responsive-json-new='{\"font-size\":\"\",\"line-height\":\"\"}'  style=\"font-weight:bold;color:#0a0a0a;\">Director \/ Secretar<\/h4><\/div><!--ult_pricing_heading--><div class=\"ult_price_body_block\">\n\t\t\t\t\t\t\t<div class=\"ult_price_body\">\n\t\t\t\t\t\t\t\t<div class=\"ult_price\">\n\t\t\t\t\t\t\t\t\t<div class=\"ult-just-icon-wrapper  \"><div class=\"align-icon\" style=\"text-align:center;\">\n<div class=\"aio-icon-img \" style=\"font-size:128px;display:inline-block;\" >\n\t<img decoding=\"async\" class=\"img-icon\" alt=\"\" src=\"https:\/\/manual.adservio.ro\/mobile\/wp-content\/uploads\/2020\/07\/user-_director.png\"\/>\n<\/div><\/div><\/div>\n\t\t\t\t\t\t\t\t<\/div>\n\t\t\t\t\t\t\t<\/div>\n\t\t\t\t\t\t<\/div><!--ult_price_body_block--><div id=\"info_table_features_wrap-3904\"  data-ultimate-target='#info_table_features_wrap-3904.ult_price_features'  data-responsive-json-new='{\"font-size\":\"\",\"line-height\":\"\"}'  class=\"ult-responsive ult_price_features\" style=\"font-weight:normal;color:#0a0d35;\">\n\t\t\t\t\t\t\t<p>Gestioneaz\u0103 procesele din \u0219coal\u0103 rapid \u0219i eficient<\/p>\n\n\t\t\t\t\t\t<\/div><!--ult_price_features--><div class=\"ult_clr\"><\/div>\n\t\t\t<\/div><!--pricing_table-->\n\t\t<\/div><!--pricing_table_wrap--><\/a>[\/vc_column_inner][\/vc_row_inner][\/vc_column][\/vc_row][vc_row row_content_display=&#8221;in_grid&#8221; row_content_display_align=&#8221;left&#8221; row_type=&#8221;row&#8221; stretch_row_type=&#8221;no&#8221; css=&#8221;.vc_custom_1593088186510{margin-bottom: 25px !important;}&#8221;][vc_column css=&#8221;.vc_custom_1559868415702{padding-right: 0px !important;padding-left: 0px !important;}&#8221;][vc_custom_heading text=&#8221;Caut\u0103 \u00een func\u021bie de Module&#8221; font_container=&#8221;tag:h3|text_align:left|color:%230a0a0a&#8221; use_theme_fonts=&#8221;yes&#8221; css=&#8221;.vc_custom_1595848999066{padding-bottom: 40px !important;}&#8221;]<div class=\"masonry-grid\"><div class=\"col-md-4 col-sm-12 masonry-item body-content\"> \r\n\t\t\t\t    <div class=\"knowledgebase-body\" ><div class=\"kb-title-wrap\"  ><div class=\"kb-masonry-icon\" ><h5><i class=\"icon-briefcase\" style=\"font-size:19px;color:#46a8de;\" ><\/i><\/h5><\/div><div class=\"vc-kb-masonry-tag-right\" ><h5><a href=\"https:\/\/manual.adservio.ro\/mobile\/kb\/securitate-si-preferinte\/\">Securitate \u0219i preferin\u021be<\/a> \r\n                     <\/h5><div style=\"color:#96989a\"><\/div><\/div><span class=\"separator small\"><\/span><\/div><ul class=\"kbse \"><li class=\"cat inner  \"> <a href=\"https:\/\/manual.adservio.ro\/mobile\/knowledgebase\/cum-schimb-parola\/\" >Cum schimb parola din aplica\u021bia mobil\u0103?<\/a> <\/li><li class=\"cat inner  \"> <a href=\"https:\/\/manual.adservio.ro\/mobile\/knowledgebase\/cum-unific-mai-multe-conturi\/\" >Cum unific sau separ mai multe conturi?<\/a> <\/li><li class=\"cat inner  \"> <a href=\"https:\/\/manual.adservio.ro\/mobile\/knowledgebase\/cum-activez-notificarile-push-din-aplicatie\/\" >Cum activez notific\u0103rile push din aplica\u021bia mobil\u0103?<\/a> <\/li><\/ul><div style=\"padding:10px 0px;\"> <a href=\"https:\/\/manual.adservio.ro\/mobile\/kb\/securitate-si-preferinte\/\" class=\"custom-link hvr-icon-wobble-horizontal kblnk\">Vezi toate articolele&nbsp;14&nbsp;&nbsp;<i class=\"fa fa-arrow-right hvr-icon\"><\/i><\/a><\/div><\/div> <\/div><div class=\"col-md-4 col-sm-12 masonry-item body-content\"> \r\n\t\t\t\t    <div class=\"knowledgebase-body\" ><div class=\"kb-title-wrap\"  ><div class=\"kb-masonry-icon\" ><h5><i class=\"icon-briefcase\" style=\"font-size:19px;color:#46a8de;\" ><\/i><\/h5><\/div><div class=\"vc-kb-masonry-tag-right\" ><h5><a href=\"https:\/\/manual.adservio.ro\/mobile\/kb\/mesaje\/\">Mesaje<\/a> \r\n                     <\/h5><div style=\"color:#96989a\"><\/div><\/div><span class=\"separator small\"><\/span><\/div><ul class=\"kbse \"><li class=\"cat inner  \"> <a href=\"https:\/\/manual.adservio.ro\/mobile\/knowledgebase\/cum-folosesc-mesageria\/\" >Cum folosesc mesageria \u00een aplica\u021bia mobil\u0103?<\/a> <\/li><\/ul><\/div> <\/div><\/div>[vc_btn title=&#8221;Vezi toate categoriile&#8221; style=&#8221;flat&#8221; color=&#8221;warning&#8221; size=&#8221;lg&#8221; align=&#8221;center&#8221; link=&#8221;url:https%3A%2F%2Fmanual.adservio.ro%2Fmobile%2Farticole%2F|||&#8221;][\/vc_column][\/vc_row][vc_row equal_height=&#8221;yes&#8221; row_content_display=&#8221;in_grid&#8221; row_content_display_align=&#8221;left&#8221; row_type=&#8221;row&#8221; stretch_row_type=&#8221;yes&#8221;][vc_column width=&#8221;1\/3&#8243;]<div id=\"uvc-type-wrap-7607\"  data-ultimate-target='#uvc-type-wrap-7607'  data-responsive-json-new='{\"font-size\":\"desktop:25px;\",\"line-height\":\"\"}'  class=\"uvc-type-wrap vc_custom_1596655245653 ult-adjust-bottom-margin ult-responsive  uvc-type-align-left uvc-type-no-prefix uvc-wrap-73929220769e4ceb750a10\" style=\"text-align:left;\"><span id=\"typed-73929220769e4ceb750a10\" class=\"ultimate-typed-main \" style=\"color:#000000; font-weight:normal; text-transform: unset;\"><\/span><script type=\"text\/javascript\">\n\t\t\t\t\t\tjQuery(function($){ \n\t\t\t\t\t\t\t$(document).ready(function(){\n\t\t\t\t\t\t\t\tif( typeof jQuery(\"#typed-73929220769e4ceb750a10\").typed == \"function\"){\n\t\t\t\t\t\t\t\t\t$(\"#typed-73929220769e4ceb750a10\").typed({\n\t\t\t\t\t\t\t\t\t\tstrings: [\"Ai nevoie de ajutor pentru aplica\u021bia web?\"],\n\t\t\t\t\t\t\t\t\t\ttypeSpeed: 15,\n\t\t\t\t\t\t\t\t\t\tbackSpeed: 0,\n\t\t\t\t\t\t\t\t\t\tstartDelay: \"0\",\n\t\t\t\t\t\t\t\t\t\tbackDelay: \"1500\",\n\t\t\t\t\t\t\t\t\t\tloop: false,\n\t\t\t\t\t\t\t\t\t\tloopCount: false,\n\t\t\t\t\t\t\t\t\t\tshowCursor: true,\n\t\t\t\t\t\t\t\t\t\tcursorChar: \"|\",\n\t\t\t\t\t\t\t\t\t\tattr: null\n\t\t\t\t\t\t\t\t\t});\n\t\t\t\t\t\t\t\t}\n\t\t\t\t\t\t\t});\n\t\t\t\t\t\t});\n\t\t\t\t\t<\/script><\/div>[\/vc_column][vc_column width=&#8221;1\/3&#8243;][vc_btn title=&#8221;Vezi articole&#8221; style=&#8221;flat&#8221; color=&#8221;primary&#8221; align=&#8221;center&#8221; link=&#8221;url:https%3A%2F%2Fmanual.adservio.ro%2Fweb%2F|||&#8221; css=&#8221;.vc_custom_1596794541281{padding-top: 35px !important;}&#8221;][\/vc_column][vc_column width=&#8221;1\/3&#8243;][vc_single_image image=&#8221;2468&#8243; img_size=&#8221;full&#8221; alignment=&#8221;center&#8221;][\/vc_column][\/vc_row][vc_row row_content_display=&#8221;in_grid&#8221; row_content_display_align=&#8221;left&#8221; row_type=&#8221;row&#8221; stretch_row_type=&#8221;yes&#8221; css=&#8221;.vc_custom_1582709114774{padding-top: 80px !important;padding-bottom: 50px !important;}&#8221;][vc_column width=&#8221;1\/2&#8243;]<div class=\"ult_pricing_table_wrap ult_info_table ult_design_4  ult-cs-custom  \">\n\t\t\t\t\t<div class=\"ult_pricing_table \" style=\"background:#ffffff;border-top-color:#05a7d2;color:#05a7d2; \"><div id=\"Info-table-wrap-5897\" class=\"ult_pricing_heading\">\n\t\t\t\t\t\t\t<h4 class=\"ult-responsive\"  data-ultimate-target='#Info-table-wrap-5897 h4'  data-responsive-json-new='{\"font-size\":\"\",\"line-height\":\"\"}'  style=\"font-weight:bold;\">Scrie-ne un email<\/h4><h5 class=\"ult-responsive\" style=\"font-weight:normal;\">Nu ai g\u0103sit r\u0103spunsul \u00een manual?<\/h5><\/div><!--ult_pricing_heading--><div class=\"ult_price_body_block\">\n\t\t\t\t\t\t\t<div class=\"ult_price_body\">\n\t\t\t\t\t\t\t\t<div class=\"ult_price\">\n\t\t\t\t\t\t\t\t\t<div class=\"ult-just-icon-wrapper  \"><div class=\"align-icon\" style=\"text-align:center;\">\n<div class=\"aio-icon-img \" style=\"font-size:170px;display:inline-block;\" >\n\t<img decoding=\"async\" class=\"img-icon\" alt=\"\" src=\"https:\/\/manual.adservio.ro\/mobile\/wp-content\/uploads\/2020\/07\/email.png\"\/>\n<\/div><\/div><\/div>\n\t\t\t\t\t\t\t\t<\/div>\n\t\t\t\t\t\t\t<\/div>\n\t\t\t\t\t\t<\/div><!--ult_price_body_block--><div id=\"info_table_features_wrap-1905\"  data-ultimate-target='#info_table_features_wrap-1905.ult_price_features'  data-responsive-json-new='{\"font-size\":\"\",\"line-height\":\"\"}'  class=\"ult-responsive ult_price_features\" style=\"font-weight:normal;\">\n\t\t\t\t\t\t\t\n\t\t\t\t\t\t<\/div><!--ult_price_features--><div id=\"info_table_btn_wrap-7734\" class=\"ult_price_link\" style=\"background:#ffffff;border-top-color:#05a7d2;color:#05a7d2;\">\n\t\t\t\t\t\t\t<a href=\"mailto:relatiiclienti@adservio.ro\"   data-ultimate-target='#info_table_btn_wrap-7734 .ult_price_action_button'  data-responsive-json-new='{\"font-size\":\"\",\"line-height\":\"\"}'  class=\"ult-responsive ult_price_action_button\" style=\"background:#05a7d2;color:#ffffff; font-weight:normal;color:#ffffff;\">EMAIL<\/a>\n\t\t\t\t\t\t<\/div><!--ult_price_link--><div class=\"ult_clr\"><\/div>\n\t\t\t<\/div><!--pricing_table-->\n\t\t<\/div><!--pricing_table_wrap-->[\/vc_column][vc_column width=&#8221;1\/2&#8243;]<div class=\"ult_pricing_table_wrap ult_info_table ult_design_4  ult-cs-custom  \">\n\t\t\t\t\t<div class=\"ult_pricing_table \" style=\"background:#ffffff;border-top-color:#05a7d2;color:#05a7d2; \"><div id=\"Info-table-wrap-5660\" class=\"ult_pricing_heading\">\n\t\t\t\t\t\t\t<h4 class=\"ult-responsive\"  data-ultimate-target='#Info-table-wrap-5660 h4'  data-responsive-json-new='{\"font-size\":\"\",\"line-height\":\"\"}'  style=\"font-weight:bold;\">Solicit\u0103 suport utilizare<\/h4><h5 class=\"ult-responsive\" style=\"font-weight:normal;\">Intr\u0103 \u00een leg\u0103tur\u0103 cu un consultant<\/h5><\/div><!--ult_pricing_heading--><div class=\"ult_price_body_block\">\n\t\t\t\t\t\t\t<div class=\"ult_price_body\">\n\t\t\t\t\t\t\t\t<div class=\"ult_price\">\n\t\t\t\t\t\t\t\t\t<div class=\"ult-just-icon-wrapper  \"><div class=\"align-icon\" style=\"text-align:center;\">\n<div class=\"aio-icon-img \" style=\"font-size:155px;display:inline-block;\" >\n\t<img decoding=\"async\" class=\"img-icon\" alt=\"\" src=\"https:\/\/manual.adservio.ro\/mobile\/wp-content\/uploads\/2020\/07\/ticket-support.png\"\/>\n<\/div><\/div><\/div>\n\t\t\t\t\t\t\t\t<\/div>\n\t\t\t\t\t\t\t<\/div>\n\t\t\t\t\t\t<\/div><!--ult_price_body_block--><div id=\"info_table_features_wrap-1312\"  data-ultimate-target='#info_table_features_wrap-1312.ult_price_features'  data-responsive-json-new='{\"font-size\":\"\",\"line-height\":\"\"}'  class=\"ult-responsive ult_price_features\" style=\"font-weight:normal;\">\n\t\t\t\t\t\t\t\n\t\t\t\t\t\t<\/div><!--ult_price_features--><div id=\"info_table_btn_wrap-3932\" class=\"ult_price_link\" style=\"background:#ffffff;border-top-color:#05a7d2;color:#05a7d2;\">\n\t\t\t\t\t\t\t<a href=\"https:\/\/www.adservio.ro\/contact\"   data-ultimate-target='#info_table_btn_wrap-3932 .ult_price_action_button'  data-responsive-json-new='{\"font-size\":\"\",\"line-height\":\"\"}'  class=\"ult-responsive ult_price_action_button\" style=\"background:#05a7d2;color:#ffffff; font-weight:normal;color:#ffffff;\">Contact<\/a>\n\t\t\t\t\t\t<\/div><!--ult_price_link--><div class=\"ult_clr\"><\/div>\n\t\t\t<\/div><!--pricing_table-->\n\t\t<\/div><!--pricing_table_wrap-->[\/vc_column][\/vc_row]<\/p>\n<\/div>","protected":false},"excerpt":{"rendered":"<p>[vc_row row_content_display=&#8221;in_grid&#8221; row_content_display_align=&#8221;left&#8221; row_type=&#8221;row&#8221; stretch_row_type=&#8221;yes&#8221; css=&#8221;.vc_custom_1593088177951{padding-top: 40px !important;padding-bottom: 40px !important;}&#8221;][vc_column][vc_custom_heading text=&#8221;Caut\u0103 dup\u0103 tipul de utilizator&#8221; font_container=&#8221;tag:h3|text_align:left|color:%230a0a0a&#8221; use_theme_fonts=&#8221;yes&#8221; css=&#8221;.vc_custom_1595848988498{padding-bottom: 45px !important;}&#8221;][vc_row_inner][vc_column_inner width=&#8221;1\/3&#8243;][\/vc_column_inner][vc_column_inner width=&#8221;1\/3&#8243;][\/vc_column_inner][vc_column_inner width=&#8221;1\/3&#8243;][\/vc_column_inner][\/vc_row_inner][\/vc_column][\/vc_row][vc_row row_content_display=&#8221;in_grid&#8221; row_content_display_align=&#8221;left&#8221; row_type=&#8221;row&#8221; stretch_row_type=&#8221;no&#8221; css=&#8221;.vc_custom_1593088186510{margin-bottom: 25px !important;}&#8221;][vc_column css=&#8221;.vc_custom_1559868415702{padding-right: 0px !important;padding-left: 0px !important;}&#8221;][vc_custom_heading text=&#8221;Caut\u0103 \u00een func\u021bie de Module&#8221; font_container=&#8221;tag:h3|text_align:left|color:%230a0a0a&#8221; use_theme_fonts=&#8221;yes&#8221; css=&#8221;.vc_custom_1595848999066{padding-bottom: 40px !important;}&#8221;][vc_btn title=&#8221;Vezi toate categoriile&#8221; style=&#8221;flat&#8221; color=&#8221;warning&#8221; size=&#8221;lg&#8221; align=&#8221;center&#8221; link=&#8221;url:https%3A%2F%2Fmanual.adservio.ro%2Fmobile%2Farticole%2F|||&#8221;][\/vc_column][\/vc_row][vc_row equal_height=&#8221;yes&#8221; row_content_display=&#8221;in_grid&#8221; [&hellip;]<\/p>\n","protected":false},"author":1,"featured_media":0,"parent":0,"menu_order":0,"comment_status":"closed","ping_status":"closed","template":"template-page-full-width-vc.php","meta":{"footnotes":""},"class_list":["post-2281","page","type-page","status-publish","hentry"],"yoast_head":"<!-- This site is optimized with the Yoast SEO plugin v27.3 - https:\/\/yoast.com\/product\/yoast-seo-wordpress\/ -->\n<title>Manual Adservio - mobile<\/title>\n<meta name=\"description\" content=\"Descoper\u0103 cum s\u0103 folose\u0219ti cel mai bine modulele \u0219i func\u021bionalit\u0103\u021bile platformei Adservio cu ajutorul manualului de utilizare.\" \/>\n<meta name=\"robots\" content=\"index, follow, max-snippet:-1, max-image-preview:large, max-video-preview:-1\" \/>\n<link rel=\"canonical\" href=\"https:\/\/manual.adservio.ro\/mobile\/\" \/>\n<meta property=\"og:locale\" content=\"ro_RO\" \/>\n<meta property=\"og:type\" content=\"article\" \/>\n<meta property=\"og:title\" content=\"Manual Adservio - mobile\" \/>\n<meta property=\"og:description\" content=\"Descoper\u0103 cum s\u0103 folose\u0219ti cel mai bine modulele \u0219i func\u021bionalit\u0103\u021bile platformei Adservio cu ajutorul manualului de utilizare.\" \/>\n<meta property=\"og:url\" content=\"https:\/\/manual.adservio.ro\/mobile\/\" \/>\n<meta property=\"og:site_name\" content=\"Manual mobile - Adservio\" \/>\n<meta property=\"article:publisher\" content=\"https:\/\/www.facebook.com\/adservio.ro\/\" \/>\n<meta property=\"article:modified_time\" content=\"2021-07-30T12:42:38+00:00\" \/>\n<meta property=\"og:image\" content=\"https:\/\/manual.adservio.ro\/mobile\/wp-content\/uploads\/2020\/07\/manual-_share.png\" \/>\n\t<meta property=\"og:image:width\" content=\"1921\" \/>\n\t<meta property=\"og:image:height\" content=\"1080\" \/>\n\t<meta property=\"og:image:type\" content=\"image\/png\" \/>\n<meta name=\"twitter:card\" content=\"summary_large_image\" \/>\n<meta name=\"twitter:site\" content=\"@adservioromania\" \/>\n<meta name=\"twitter:label1\" content=\"Timp estimat pentru citire\" \/>\n\t<meta name=\"twitter:data1\" content=\"4 minute\" \/>\n<script type=\"application\/ld+json\" class=\"yoast-schema-graph\">{\"@context\":\"https:\\\/\\\/schema.org\",\"@graph\":[{\"@type\":\"WebPage\",\"@id\":\"https:\\\/\\\/manual.adservio.ro\\\/mobile\\\/\",\"url\":\"https:\\\/\\\/manual.adservio.ro\\\/mobile\\\/\",\"name\":\"Manual Adservio - mobile\",\"isPartOf\":{\"@id\":\"https:\\\/\\\/manual.adservio.ro\\\/mobile\\\/#website\"},\"datePublished\":\"2020-07-20T10:03:12+00:00\",\"dateModified\":\"2021-07-30T12:42:38+00:00\",\"description\":\"Descoper\u0103 cum s\u0103 folose\u0219ti cel mai bine modulele \u0219i func\u021bionalit\u0103\u021bile platformei Adservio cu ajutorul manualului de utilizare.\",\"breadcrumb\":{\"@id\":\"https:\\\/\\\/manual.adservio.ro\\\/mobile\\\/#breadcrumb\"},\"inLanguage\":\"ro-RO\",\"potentialAction\":[{\"@type\":\"ReadAction\",\"target\":[\"https:\\\/\\\/manual.adservio.ro\\\/mobile\\\/\"]}]},{\"@type\":\"BreadcrumbList\",\"@id\":\"https:\\\/\\\/manual.adservio.ro\\\/mobile\\\/#breadcrumb\",\"itemListElement\":[{\"@type\":\"ListItem\",\"position\":1,\"name\":\"Prima pagin\u0103\",\"item\":\"https:\\\/\\\/manual.adservio.ro\\\/mobile\\\/\"},{\"@type\":\"ListItem\",\"position\":2,\"name\":\"Acasa\"}]},{\"@type\":\"WebSite\",\"@id\":\"https:\\\/\\\/manual.adservio.ro\\\/mobile\\\/#website\",\"url\":\"https:\\\/\\\/manual.adservio.ro\\\/mobile\\\/\",\"name\":\"Manual mobile - Adservio\",\"description\":\"Afl\u0103 cum po\u021bi utiliza toate func\u021bionalit\u0103\u021bile contului t\u0103u Adservio\",\"publisher\":{\"@id\":\"https:\\\/\\\/manual.adservio.ro\\\/mobile\\\/#organization\"},\"potentialAction\":[{\"@type\":\"SearchAction\",\"target\":{\"@type\":\"EntryPoint\",\"urlTemplate\":\"https:\\\/\\\/manual.adservio.ro\\\/mobile\\\/?s={search_term_string}\"},\"query-input\":{\"@type\":\"PropertyValueSpecification\",\"valueRequired\":true,\"valueName\":\"search_term_string\"}}],\"inLanguage\":\"ro-RO\"},{\"@type\":\"Organization\",\"@id\":\"https:\\\/\\\/manual.adservio.ro\\\/mobile\\\/#organization\",\"name\":\"Manual Adservio mobile\",\"url\":\"https:\\\/\\\/manual.adservio.ro\\\/mobile\\\/\",\"logo\":{\"@type\":\"ImageObject\",\"inLanguage\":\"ro-RO\",\"@id\":\"https:\\\/\\\/manual.adservio.ro\\\/mobile\\\/#\\\/schema\\\/logo\\\/image\\\/\",\"url\":\"https:\\\/\\\/manual.adservio.ro\\\/mobile\\\/wp-content\\\/uploads\\\/2020\\\/07\\\/logo-_white-background.png\",\"contentUrl\":\"https:\\\/\\\/manual.adservio.ro\\\/mobile\\\/wp-content\\\/uploads\\\/2020\\\/07\\\/logo-_white-background.png\",\"width\":958,\"height\":210,\"caption\":\"Manual Adservio mobile\"},\"image\":{\"@id\":\"https:\\\/\\\/manual.adservio.ro\\\/mobile\\\/#\\\/schema\\\/logo\\\/image\\\/\"},\"sameAs\":[\"https:\\\/\\\/www.facebook.com\\\/adservio.ro\\\/\",\"https:\\\/\\\/x.com\\\/adservioromania\",\"https:\\\/\\\/www.instagram.com\\\/adservio_romania\\\/\",\"https:\\\/\\\/www.linkedin.com\\\/organization-guest\\\/company\\\/adservio\",\"https:\\\/\\\/www.youtube.com\\\/channel\\\/UCtGGxjckyvQeBOsfjF7quvA\"]}]}<\/script>\n<!-- \/ Yoast SEO plugin. -->","yoast_head_json":{"title":"Manual Adservio - mobile","description":"Descoper\u0103 cum s\u0103 folose\u0219ti cel mai bine modulele \u0219i func\u021bionalit\u0103\u021bile platformei Adservio cu ajutorul manualului de utilizare.","robots":{"index":"index","follow":"follow","max-snippet":"max-snippet:-1","max-image-preview":"max-image-preview:large","max-video-preview":"max-video-preview:-1"},"canonical":"https:\/\/manual.adservio.ro\/mobile\/","og_locale":"ro_RO","og_type":"article","og_title":"Manual Adservio - mobile","og_description":"Descoper\u0103 cum s\u0103 folose\u0219ti cel mai bine modulele \u0219i func\u021bionalit\u0103\u021bile platformei Adservio cu ajutorul manualului de utilizare.","og_url":"https:\/\/manual.adservio.ro\/mobile\/","og_site_name":"Manual mobile - Adservio","article_publisher":"https:\/\/www.facebook.com\/adservio.ro\/","article_modified_time":"2021-07-30T12:42:38+00:00","og_image":[{"width":1921,"height":1080,"url":"https:\/\/manual.adservio.ro\/mobile\/wp-content\/uploads\/2020\/07\/manual-_share.png","type":"image\/png"}],"twitter_card":"summary_large_image","twitter_site":"@adservioromania","twitter_misc":{"Timp estimat pentru citire":"4 minute"},"schema":{"@context":"https:\/\/schema.org","@graph":[{"@type":"WebPage","@id":"https:\/\/manual.adservio.ro\/mobile\/","url":"https:\/\/manual.adservio.ro\/mobile\/","name":"Manual Adservio - mobile","isPartOf":{"@id":"https:\/\/manual.adservio.ro\/mobile\/#website"},"datePublished":"2020-07-20T10:03:12+00:00","dateModified":"2021-07-30T12:42:38+00:00","description":"Descoper\u0103 cum s\u0103 folose\u0219ti cel mai bine modulele \u0219i func\u021bionalit\u0103\u021bile platformei Adservio cu ajutorul manualului de utilizare.","breadcrumb":{"@id":"https:\/\/manual.adservio.ro\/mobile\/#breadcrumb"},"inLanguage":"ro-RO","potentialAction":[{"@type":"ReadAction","target":["https:\/\/manual.adservio.ro\/mobile\/"]}]},{"@type":"BreadcrumbList","@id":"https:\/\/manual.adservio.ro\/mobile\/#breadcrumb","itemListElement":[{"@type":"ListItem","position":1,"name":"Prima pagin\u0103","item":"https:\/\/manual.adservio.ro\/mobile\/"},{"@type":"ListItem","position":2,"name":"Acasa"}]},{"@type":"WebSite","@id":"https:\/\/manual.adservio.ro\/mobile\/#website","url":"https:\/\/manual.adservio.ro\/mobile\/","name":"Manual mobile - Adservio","description":"Afl\u0103 cum po\u021bi utiliza toate func\u021bionalit\u0103\u021bile contului t\u0103u Adservio","publisher":{"@id":"https:\/\/manual.adservio.ro\/mobile\/#organization"},"potentialAction":[{"@type":"SearchAction","target":{"@type":"EntryPoint","urlTemplate":"https:\/\/manual.adservio.ro\/mobile\/?s={search_term_string}"},"query-input":{"@type":"PropertyValueSpecification","valueRequired":true,"valueName":"search_term_string"}}],"inLanguage":"ro-RO"},{"@type":"Organization","@id":"https:\/\/manual.adservio.ro\/mobile\/#organization","name":"Manual Adservio mobile","url":"https:\/\/manual.adservio.ro\/mobile\/","logo":{"@type":"ImageObject","inLanguage":"ro-RO","@id":"https:\/\/manual.adservio.ro\/mobile\/#\/schema\/logo\/image\/","url":"https:\/\/manual.adservio.ro\/mobile\/wp-content\/uploads\/2020\/07\/logo-_white-background.png","contentUrl":"https:\/\/manual.adservio.ro\/mobile\/wp-content\/uploads\/2020\/07\/logo-_white-background.png","width":958,"height":210,"caption":"Manual Adservio mobile"},"image":{"@id":"https:\/\/manual.adservio.ro\/mobile\/#\/schema\/logo\/image\/"},"sameAs":["https:\/\/www.facebook.com\/adservio.ro\/","https:\/\/x.com\/adservioromania","https:\/\/www.instagram.com\/adservio_romania\/","https:\/\/www.linkedin.com\/organization-guest\/company\/adservio","https:\/\/www.youtube.com\/channel\/UCtGGxjckyvQeBOsfjF7quvA"]}]}},"_links":{"self":[{"href":"https:\/\/manual.adservio.ro\/mobile\/wp-json\/wp\/v2\/pages\/2281","targetHints":{"allow":["GET"]}}],"collection":[{"href":"https:\/\/manual.adservio.ro\/mobile\/wp-json\/wp\/v2\/pages"}],"about":[{"href":"https:\/\/manual.adservio.ro\/mobile\/wp-json\/wp\/v2\/types\/page"}],"author":[{"embeddable":true,"href":"https:\/\/manual.adservio.ro\/mobile\/wp-json\/wp\/v2\/users\/1"}],"replies":[{"embeddable":true,"href":"https:\/\/manual.adservio.ro\/mobile\/wp-json\/wp\/v2\/comments?post=2281"}],"version-history":[{"count":0,"href":"https:\/\/manual.adservio.ro\/mobile\/wp-json\/wp\/v2\/pages\/2281\/revisions"}],"wp:attachment":[{"href":"https:\/\/manual.adservio.ro\/mobile\/wp-json\/wp\/v2\/media?parent=2281"}],"curies":[{"name":"wp","href":"https:\/\/api.w.org\/{rel}","templated":true}]}}