{"id":2415,"date":"2020-07-24T14:08:29","date_gmt":"2020-07-24T11:08:29","guid":{"rendered":"https:\/\/manual.adservio.ro\/mobile\/?page_id=2415"},"modified":"2020-07-29T12:40:49","modified_gmt":"2020-07-29T09:40:49","slug":"video","status":"publish","type":"page","link":"https:\/\/manual.adservio.ro\/mobile\/video\/","title":{"rendered":"Video"},"content":{"rendered":"<div class=\"wpb-content-wrapper\"><p>[vc_row row_content_display=&#8221;in_grid&#8221; row_content_display_align=&#8221;left&#8221; row_type=&#8221;row&#8221; stretch_row_type=&#8221;no&#8221; css=&#8221;.vc_custom_1594726812824{margin-top: 30px !important;}&#8221;][vc_column width=&#8221;1\/2&#8243;][vc_video link=&#8221;https:\/\/www.youtube.com\/watch?v=ZVTFS-OX7KY&#8221; align=&#8221;center&#8221;][vc_column_text]<\/p>\n<h4>Webinar pentru profesori<\/h4>\n<p>[\/vc_column_text][vc_column_text]Urm\u0103rind acest webinar afli cum s\u0103 folose\u0219ti Adservio pentru a face interac\u021biunea cu elevii interesant\u0103, c\u00e2nd e\u0219ti la \u0219coal\u0103 ori chiar de acas\u0103! Descoper\u0103 al\u0103turi de noi: temele \u0219i proiectele online, chestionarele \u0219i testele, lec\u021bia interactiv\u0103, mesageria intuitiv\u0103, fi\u0219ierele \u0219i resursele multimedia.[\/vc_column_text][\/vc_column][vc_column width=&#8221;1\/2&#8243;][vc_video link=&#8221;https:\/\/www.youtube.com\/watch?v=vrDP8LKMe4I&#8221; align=&#8221;center&#8221;][vc_column_text]<\/p>\n<h4>Cum imi creez contul Adservio?<\/h4>\n<p>[\/vc_column_text][vc_column_text]Acest video v\u0103 explic\u0103 pas cu pas cum v\u0103 crea\u021bi contul Adservio dup\u0103 ce a\u021bi primit codul de \u00eenregistrare din partea \u0219colii.[\/vc_column_text][\/vc_column][\/vc_row][vc_row row_content_display=&#8221;in_grid&#8221; row_content_display_align=&#8221;left&#8221; row_type=&#8221;row&#8221; stretch_row_type=&#8221;no&#8221; css=&#8221;.vc_custom_1594726812824{margin-top: 30px !important;}&#8221;][vc_column width=&#8221;1\/2&#8243;][vc_video link=&#8221;https:\/\/www.youtube.com\/watch?v=VrsCGrN4iQI&#8221; align=&#8221;center&#8221;][vc_column_text]<\/p>\n<h4>Cum folosesc sec\u021biunea fi\u0219iere?<\/h4>\n<p>[\/vc_column_text][vc_column_text]Urm\u0103re\u0219te acest tutorial video pentru a afla cum po\u021bi s\u0103 \u00eencarci fi\u0219iere \u00een Adservio \u0219i s\u0103 le distribui cu restul colegilor din \u0219coal\u0103.[\/vc_column_text][\/vc_column][vc_column width=&#8221;1\/2&#8243;][vc_video link=&#8221;https:\/\/www.youtube.com\/watch?v=_knbZUNrDDY&#8221; align=&#8221;center&#8221;][vc_column_text]<\/p>\n<h4>Cum recuperez parola pentru contul Adservio?<\/h4>\n<p>[\/vc_column_text][vc_column_text]Recuperarea parolei Adservio se poate realiza automat daca urmati cativa pasi simpli. Este important sa va aduceti aminte daca ati folosit adresa de email sau numarul de telefon atunci cand v-ati creat contul in Adservio si sa incercati sa folositi aceleasi date pentru a recupera parola..[\/vc_column_text][\/vc_column][\/vc_row]<\/p>\n<\/div>","protected":false},"excerpt":{"rendered":"<p>[vc_row row_content_display=&#8221;in_grid&#8221; row_content_display_align=&#8221;left&#8221; row_type=&#8221;row&#8221; stretch_row_type=&#8221;no&#8221; css=&#8221;.vc_custom_1594726812824{margin-top: 30px !important;}&#8221;][vc_column width=&#8221;1\/2&#8243;][vc_video link=&#8221;https:\/\/www.youtube.com\/watch?v=ZVTFS-OX7KY&#8221; align=&#8221;center&#8221;][vc_column_text] Webinar pentru profesori [\/vc_column_text][vc_column_text]Urm\u0103rind acest webinar afli cum s\u0103 folose\u0219ti Adservio pentru a face interac\u021biunea cu elevii interesant\u0103, c\u00e2nd e\u0219ti la \u0219coal\u0103 ori chiar de acas\u0103! Descoper\u0103 al\u0103turi de noi: temele \u0219i proiectele online, chestionarele \u0219i testele, lec\u021bia interactiv\u0103, mesageria intuitiv\u0103, fi\u0219ierele \u0219i resursele [&hellip;]<\/p>\n","protected":false},"author":1,"featured_media":0,"parent":0,"menu_order":0,"comment_status":"closed","ping_status":"closed","template":"template-page-full-width-vc.php","meta":{"footnotes":""},"class_list":["post-2415","page","type-page","status-publish","hentry"],"yoast_head":"<!-- This site is optimized with the Yoast SEO plugin v27.3 - https:\/\/yoast.com\/product\/yoast-seo-wordpress\/ -->\n<title>Video - Manual mobile - Adservio<\/title>\n<meta name=\"robots\" content=\"index, follow, max-snippet:-1, max-image-preview:large, max-video-preview:-1\" \/>\n<link rel=\"canonical\" href=\"https:\/\/manual.adservio.ro\/mobile\/video\/\" \/>\n<meta property=\"og:locale\" content=\"ro_RO\" \/>\n<meta property=\"og:type\" content=\"article\" \/>\n<meta property=\"og:title\" content=\"Video - Manual mobile - Adservio\" \/>\n<meta property=\"og:description\" content=\"[vc_row row_content_display=&#8221;in_grid&#8221; row_content_display_align=&#8221;left&#8221; row_type=&#8221;row&#8221; stretch_row_type=&#8221;no&#8221; css=&#8221;.vc_custom_1594726812824{margin-top: 30px !important;}&#8221;][vc_column width=&#8221;1\/2&#8243;][vc_video link=&#8221;https:\/\/www.youtube.com\/watch?v=ZVTFS-OX7KY&#8221; align=&#8221;center&#8221;][vc_column_text] Webinar pentru profesori [\/vc_column_text][vc_column_text]Urm\u0103rind acest webinar afli cum s\u0103 folose\u0219ti Adservio pentru a face interac\u021biunea cu elevii interesant\u0103, c\u00e2nd e\u0219ti la \u0219coal\u0103 ori chiar de acas\u0103! Descoper\u0103 al\u0103turi de noi: temele \u0219i proiectele online, chestionarele \u0219i testele, lec\u021bia interactiv\u0103, mesageria intuitiv\u0103, fi\u0219ierele \u0219i resursele [&hellip;]\" \/>\n<meta property=\"og:url\" content=\"https:\/\/manual.adservio.ro\/mobile\/video\/\" \/>\n<meta property=\"og:site_name\" content=\"Manual mobile - Adservio\" \/>\n<meta property=\"article:publisher\" content=\"https:\/\/www.facebook.com\/adservio.ro\/\" \/>\n<meta property=\"article:modified_time\" content=\"2020-07-29T09:40:49+00:00\" \/>\n<meta property=\"og:image\" content=\"https:\/\/manual.adservio.ro\/mobile\/wp-content\/uploads\/2020\/07\/manual-_share.png\" \/>\n\t<meta property=\"og:image:width\" content=\"1921\" \/>\n\t<meta property=\"og:image:height\" content=\"1080\" \/>\n\t<meta property=\"og:image:type\" content=\"image\/png\" \/>\n<meta name=\"twitter:card\" content=\"summary_large_image\" \/>\n<meta name=\"twitter:site\" content=\"@adservioromania\" \/>\n<meta name=\"twitter:label1\" content=\"Timp estimat pentru citire\" \/>\n\t<meta name=\"twitter:data1\" content=\"2 minute\" \/>\n<script type=\"application\/ld+json\" class=\"yoast-schema-graph\">{\"@context\":\"https:\\\/\\\/schema.org\",\"@graph\":[{\"@type\":\"WebPage\",\"@id\":\"https:\\\/\\\/manual.adservio.ro\\\/mobile\\\/video\\\/\",\"url\":\"https:\\\/\\\/manual.adservio.ro\\\/mobile\\\/video\\\/\",\"name\":\"Video - Manual mobile - Adservio\",\"isPartOf\":{\"@id\":\"https:\\\/\\\/manual.adservio.ro\\\/mobile\\\/#website\"},\"datePublished\":\"2020-07-24T11:08:29+00:00\",\"dateModified\":\"2020-07-29T09:40:49+00:00\",\"breadcrumb\":{\"@id\":\"https:\\\/\\\/manual.adservio.ro\\\/mobile\\\/video\\\/#breadcrumb\"},\"inLanguage\":\"ro-RO\",\"potentialAction\":[{\"@type\":\"ReadAction\",\"target\":[\"https:\\\/\\\/manual.adservio.ro\\\/mobile\\\/video\\\/\"]}]},{\"@type\":\"BreadcrumbList\",\"@id\":\"https:\\\/\\\/manual.adservio.ro\\\/mobile\\\/video\\\/#breadcrumb\",\"itemListElement\":[{\"@type\":\"ListItem\",\"position\":1,\"name\":\"Prima pagin\u0103\",\"item\":\"https:\\\/\\\/manual.adservio.ro\\\/mobile\\\/\"},{\"@type\":\"ListItem\",\"position\":2,\"name\":\"Video\"}]},{\"@type\":\"WebSite\",\"@id\":\"https:\\\/\\\/manual.adservio.ro\\\/mobile\\\/#website\",\"url\":\"https:\\\/\\\/manual.adservio.ro\\\/mobile\\\/\",\"name\":\"Manual mobile - Adservio\",\"description\":\"Afl\u0103 cum po\u021bi utiliza toate func\u021bionalit\u0103\u021bile contului t\u0103u Adservio\",\"publisher\":{\"@id\":\"https:\\\/\\\/manual.adservio.ro\\\/mobile\\\/#organization\"},\"potentialAction\":[{\"@type\":\"SearchAction\",\"target\":{\"@type\":\"EntryPoint\",\"urlTemplate\":\"https:\\\/\\\/manual.adservio.ro\\\/mobile\\\/?s={search_term_string}\"},\"query-input\":{\"@type\":\"PropertyValueSpecification\",\"valueRequired\":true,\"valueName\":\"search_term_string\"}}],\"inLanguage\":\"ro-RO\"},{\"@type\":\"Organization\",\"@id\":\"https:\\\/\\\/manual.adservio.ro\\\/mobile\\\/#organization\",\"name\":\"Manual Adservio mobile\",\"url\":\"https:\\\/\\\/manual.adservio.ro\\\/mobile\\\/\",\"logo\":{\"@type\":\"ImageObject\",\"inLanguage\":\"ro-RO\",\"@id\":\"https:\\\/\\\/manual.adservio.ro\\\/mobile\\\/#\\\/schema\\\/logo\\\/image\\\/\",\"url\":\"https:\\\/\\\/manual.adservio.ro\\\/mobile\\\/wp-content\\\/uploads\\\/2020\\\/07\\\/logo-_white-background.png\",\"contentUrl\":\"https:\\\/\\\/manual.adservio.ro\\\/mobile\\\/wp-content\\\/uploads\\\/2020\\\/07\\\/logo-_white-background.png\",\"width\":958,\"height\":210,\"caption\":\"Manual Adservio mobile\"},\"image\":{\"@id\":\"https:\\\/\\\/manual.adservio.ro\\\/mobile\\\/#\\\/schema\\\/logo\\\/image\\\/\"},\"sameAs\":[\"https:\\\/\\\/www.facebook.com\\\/adservio.ro\\\/\",\"https:\\\/\\\/x.com\\\/adservioromania\",\"https:\\\/\\\/www.instagram.com\\\/adservio_romania\\\/\",\"https:\\\/\\\/www.linkedin.com\\\/organization-guest\\\/company\\\/adservio\",\"https:\\\/\\\/www.youtube.com\\\/channel\\\/UCtGGxjckyvQeBOsfjF7quvA\"]}]}<\/script>\n<!-- \/ Yoast SEO plugin. -->","yoast_head_json":{"title":"Video - Manual mobile - Adservio","robots":{"index":"index","follow":"follow","max-snippet":"max-snippet:-1","max-image-preview":"max-image-preview:large","max-video-preview":"max-video-preview:-1"},"canonical":"https:\/\/manual.adservio.ro\/mobile\/video\/","og_locale":"ro_RO","og_type":"article","og_title":"Video - Manual mobile - Adservio","og_description":"[vc_row row_content_display=&#8221;in_grid&#8221; row_content_display_align=&#8221;left&#8221; row_type=&#8221;row&#8221; stretch_row_type=&#8221;no&#8221; css=&#8221;.vc_custom_1594726812824{margin-top: 30px !important;}&#8221;][vc_column width=&#8221;1\/2&#8243;][vc_video link=&#8221;https:\/\/www.youtube.com\/watch?v=ZVTFS-OX7KY&#8221; align=&#8221;center&#8221;][vc_column_text] Webinar pentru profesori [\/vc_column_text][vc_column_text]Urm\u0103rind acest webinar afli cum s\u0103 folose\u0219ti Adservio pentru a face interac\u021biunea cu elevii interesant\u0103, c\u00e2nd e\u0219ti la \u0219coal\u0103 ori chiar de acas\u0103! Descoper\u0103 al\u0103turi de noi: temele \u0219i proiectele online, chestionarele \u0219i testele, lec\u021bia interactiv\u0103, mesageria intuitiv\u0103, fi\u0219ierele \u0219i resursele [&hellip;]","og_url":"https:\/\/manual.adservio.ro\/mobile\/video\/","og_site_name":"Manual mobile - Adservio","article_publisher":"https:\/\/www.facebook.com\/adservio.ro\/","article_modified_time":"2020-07-29T09:40:49+00:00","og_image":[{"width":1921,"height":1080,"url":"https:\/\/manual.adservio.ro\/mobile\/wp-content\/uploads\/2020\/07\/manual-_share.png","type":"image\/png"}],"twitter_card":"summary_large_image","twitter_site":"@adservioromania","twitter_misc":{"Timp estimat pentru citire":"2 minute"},"schema":{"@context":"https:\/\/schema.org","@graph":[{"@type":"WebPage","@id":"https:\/\/manual.adservio.ro\/mobile\/video\/","url":"https:\/\/manual.adservio.ro\/mobile\/video\/","name":"Video - Manual mobile - Adservio","isPartOf":{"@id":"https:\/\/manual.adservio.ro\/mobile\/#website"},"datePublished":"2020-07-24T11:08:29+00:00","dateModified":"2020-07-29T09:40:49+00:00","breadcrumb":{"@id":"https:\/\/manual.adservio.ro\/mobile\/video\/#breadcrumb"},"inLanguage":"ro-RO","potentialAction":[{"@type":"ReadAction","target":["https:\/\/manual.adservio.ro\/mobile\/video\/"]}]},{"@type":"BreadcrumbList","@id":"https:\/\/manual.adservio.ro\/mobile\/video\/#breadcrumb","itemListElement":[{"@type":"ListItem","position":1,"name":"Prima pagin\u0103","item":"https:\/\/manual.adservio.ro\/mobile\/"},{"@type":"ListItem","position":2,"name":"Video"}]},{"@type":"WebSite","@id":"https:\/\/manual.adservio.ro\/mobile\/#website","url":"https:\/\/manual.adservio.ro\/mobile\/","name":"Manual mobile - Adservio","description":"Afl\u0103 cum po\u021bi utiliza toate func\u021bionalit\u0103\u021bile contului t\u0103u Adservio","publisher":{"@id":"https:\/\/manual.adservio.ro\/mobile\/#organization"},"potentialAction":[{"@type":"SearchAction","target":{"@type":"EntryPoint","urlTemplate":"https:\/\/manual.adservio.ro\/mobile\/?s={search_term_string}"},"query-input":{"@type":"PropertyValueSpecification","valueRequired":true,"valueName":"search_term_string"}}],"inLanguage":"ro-RO"},{"@type":"Organization","@id":"https:\/\/manual.adservio.ro\/mobile\/#organization","name":"Manual Adservio mobile","url":"https:\/\/manual.adservio.ro\/mobile\/","logo":{"@type":"ImageObject","inLanguage":"ro-RO","@id":"https:\/\/manual.adservio.ro\/mobile\/#\/schema\/logo\/image\/","url":"https:\/\/manual.adservio.ro\/mobile\/wp-content\/uploads\/2020\/07\/logo-_white-background.png","contentUrl":"https:\/\/manual.adservio.ro\/mobile\/wp-content\/uploads\/2020\/07\/logo-_white-background.png","width":958,"height":210,"caption":"Manual Adservio mobile"},"image":{"@id":"https:\/\/manual.adservio.ro\/mobile\/#\/schema\/logo\/image\/"},"sameAs":["https:\/\/www.facebook.com\/adservio.ro\/","https:\/\/x.com\/adservioromania","https:\/\/www.instagram.com\/adservio_romania\/","https:\/\/www.linkedin.com\/organization-guest\/company\/adservio","https:\/\/www.youtube.com\/channel\/UCtGGxjckyvQeBOsfjF7quvA"]}]}},"_links":{"self":[{"href":"https:\/\/manual.adservio.ro\/mobile\/wp-json\/wp\/v2\/pages\/2415","targetHints":{"allow":["GET"]}}],"collection":[{"href":"https:\/\/manual.adservio.ro\/mobile\/wp-json\/wp\/v2\/pages"}],"about":[{"href":"https:\/\/manual.adservio.ro\/mobile\/wp-json\/wp\/v2\/types\/page"}],"author":[{"embeddable":true,"href":"https:\/\/manual.adservio.ro\/mobile\/wp-json\/wp\/v2\/users\/1"}],"replies":[{"embeddable":true,"href":"https:\/\/manual.adservio.ro\/mobile\/wp-json\/wp\/v2\/comments?post=2415"}],"version-history":[{"count":0,"href":"https:\/\/manual.adservio.ro\/mobile\/wp-json\/wp\/v2\/pages\/2415\/revisions"}],"wp:attachment":[{"href":"https:\/\/manual.adservio.ro\/mobile\/wp-json\/wp\/v2\/media?parent=2415"}],"curies":[{"name":"wp","href":"https:\/\/api.w.org\/{rel}","templated":true}]}}