{"id":6323,"date":"2021-07-30T13:35:07","date_gmt":"2021-07-30T10:35:07","guid":{"rendered":"https:\/\/manual.adservio.ro\/web\/?page_id=6323"},"modified":"2021-07-30T13:35:07","modified_gmt":"2021-07-30T10:35:07","slug":"termeni-si-conditii","status":"publish","type":"page","link":"https:\/\/manual.adservio.ro\/web\/termeni-si-conditii\/","title":{"rendered":"Termeni \u0219i condi\u021bii"},"content":{"rendered":"<div class=\"wpb-content-wrapper\"><p>[vc_row row_content_display=&#8221;in_grid&#8221; row_content_display_align=&#8221;left&#8221; row_type=&#8221;row&#8221; stretch_row_type=&#8221;yes&#8221;][vc_column][vc_empty_space][vc_column_text]<strong>Bun venit la Adservio!<\/strong><\/p>\n<p>V\u0103 mul\u021bumim pentru accesarea website-ului <a href=\"http:\/\/www.manual.adservio.ro\">http:\/\/www.manual.adservio.ro<\/a>. Serviciile sunt oferite de companiile Adservio Social Innovation \u0219i Adservio Center cu sediile \u00een Ia\u0219i, Strada Morilor nr.56, \u00een continuare denumite &#8220;Adservio&#8221;. Accesul \u0219i utilizarea blogului sunt gratuite \u0219i au scopul de a veni \u00een ajutor celor care doresc s\u0103 afle cum pot utiliza toate func\u021bionalit\u0103\u021bile contului t\u0103u Adservio.<\/p>\n<p>Accesarea \u00een continuare a blogului presupune c\u0103 sunte\u021bi de acord \u00een totalitate cu termenii \u0219i condi\u021biile prezente. V\u0103 rug\u0103m s\u0103 \u00eei citi\u021bi cu aten\u021bie. \u00cen cazul \u00een care ave\u021bi nevoie de mai multe informa\u021bii, iar acestea nu se reg\u0103sesc \u00een prezentul documet, ne pute\u021bi scrie la adresa de e-mail contact <a href=\"mailto:dpo@adservio.ro\">dpo@adservio.ro<\/a><\/p>\n<p><strong>Accesarea blogului<\/strong><\/p>\n<p>Trebuie s\u0103 respecta\u021bi toate politicile puse la dispozi\u021bie \u00een cadrul Termenilor \u0219i Condi\u021biilor prezente. Accesarea website-ului nu v\u0103 ofer\u0103 niciun drept de proprietate intelectual\u0103 asupra acestuia sau asupra con\u021binutului pe care \u00eel accesa\u021bi. Ne rezerv\u0103m dreptul de a \u0219terge comentariile care \u00eencalc\u0103 reglement\u0103rile legale, cu un con\u021binut amenin\u021b\u0103tor, obscen, jignitor. \u00cen cazul \u00een care dori\u021bi s\u0103 prelua\u021bi p\u0103r\u021bi din articole sau con\u021binutul integral, este necesar s\u0103 face\u021bi trimitere c\u0103tre pagina original\u0103 a articolului de pe <a href=\"http:\/\/www.idei.adservio.ro\">www.manual.adservio.ro<\/a>. Nu pute\u021bi prelua sau reproduce f\u0103r\u0103 acordul Adservio nici imagini, fotografii sau videoclipuri afi\u0219ate pe acest blog.<\/p>\n<p><strong>R<\/strong><strong>\u0103<\/strong><strong>spunderea pentru Serviciile noastre<\/strong><\/p>\n<p>Adservio nu va fi \u00een niciun caz respnsabil pentru nicio pierdere sau pagub\u0103 care intr\u0103 \u00een categoria for\u021bei majore.<\/p>\n<p><strong>Despre prezen<\/strong><strong>\u021b<\/strong><strong>ii Termeni <\/strong><strong>\u0219<\/strong><strong>i condi<\/strong><strong>\u021b<\/strong><strong>ii<\/strong><\/p>\n<p>Putem s\u0103 modific\u0103m prezen\u021bii Termeni \u0219i Condi\u021bii \u0219i Termenii \u0219i Condi\u021biile suplimentare care se aplic\u0103 unui Serviciu, de exemplu, pentru a corespunde schimb\u0103rilor survenite la nivelul legisla\u021biei sau al Serviciilor noastre. Consulta\u021bi periodic Termenii \u0219i condi\u021biile.<br \/>\nPe aceast\u0103 pagin\u0103 vom posta notific\u0103rile privind modific\u0103rile prezen\u0163ilor Termeni \u015fi Condi\u0163ii. Vom posta notific\u0103rile cu privire la modificarea Termenilor \u0219i condi\u021biilor suplimentare \u00een cadrul Serviciului \u00een cauz\u0103. Modific\u0103rile nu se vor aplica retroactiv \u0219i vor intra \u00een vigoare \u00een termen de minimum paisprezece zile dup\u0103 postare. Totu\u0219i, modific\u0103rile aferente func\u021biilor noi ale unui Serviciu \u0219i cele din motive legale vor intra \u00een vigoare imediat. Dac\u0103 nu sunte\u021bi de acord cu modific\u0103rile aduse Termenilor \u0219i Condi\u0163iilor aferente unui Serviciu, v\u0103 suger\u0103m s\u0103 \u00eentrerupe\u021bi utilizarea Serviciului respectiv.<\/p>\n<ul>\n<li>\u00cen cazul unei discrepan\u021be \u00eentre prezen\u021bii Termeni \u0219i Condi\u021bii \u0219i Termenii \u0219i condi\u021biile suplimentare, vor prevala Termenii \u0219i condi\u0163iile suplimentare.<\/li>\n<li>Prezen\u021bii Termeni \u0219i Condi\u021bii reglementeaz\u0103 rela\u021bia dintre Adservio \u0219i dvs. Ace\u0219tia nu creeaz\u0103 niciun fel de drepturi pentru ter\u021bi beneficiari.<\/li>\n<li>Dac\u0103 nu respecta\u021bi prezen\u021bii Termeni \u0219i Condi\u021bii \u0219i nu lu\u0103m m\u0103suri imediate, nu \u00eenseamn\u0103 c\u0103 renun\u021b\u0103m la drepturile pe care le avem (de exemplu, dreptul de a lua m\u0103suri pe viitor).<\/li>\n<li>Dac\u0103 anumi\u021bi termeni \u0219i anumite condi\u021bii se dovedesc a fi inaplicabili, aceasta nu va afecta restul Termenilor \u0219i Condi\u021biilor.<\/li>\n<\/ul>\n<p>Pentru informa\u021bii despre modul \u00een care pute\u021bi s\u0103 contacta\u021bi Adservio, accesa\u021bi pagina noastr\u0103 de contact: <a href=\"https:\/\/www.adservio.ro\/contact\">https:\/\/www.adservio.ro\/contact<\/a>[\/vc_column_text][\/vc_column][\/vc_row]<\/p>\n<\/div>","protected":false},"excerpt":{"rendered":"<p>[vc_row row_content_display=&#8221;in_grid&#8221; row_content_display_align=&#8221;left&#8221; row_type=&#8221;row&#8221; stretch_row_type=&#8221;yes&#8221;][vc_column][vc_empty_space][vc_column_text]Bun venit la Adservio! V\u0103 mul\u021bumim pentru accesarea website-ului http:\/\/www.manual.adservio.ro. Serviciile sunt oferite de companiile Adservio Social Innovation \u0219i Adservio Center cu sediile \u00een Ia\u0219i, Strada Morilor nr.56, \u00een continuare denumite &#8220;Adservio&#8221;. Accesul \u0219i utilizarea blogului sunt gratuite \u0219i au scopul de a veni \u00een ajutor celor care doresc s\u0103 afle [&hellip;]<\/p>\n","protected":false},"author":1,"featured_media":0,"parent":0,"menu_order":0,"comment_status":"closed","ping_status":"closed","template":"template-page-full-width-vc.php","meta":{"footnotes":""},"class_list":["post-6323","page","type-page","status-publish","hentry"],"yoast_head":"<!-- This site is optimized with the Yoast SEO plugin v27.3 - https:\/\/yoast.com\/product\/yoast-seo-wordpress\/ -->\n<title>Termeni \u0219i condi\u021bii - Manual web - Adservio<\/title>\n<meta name=\"robots\" content=\"index, follow, max-snippet:-1, max-image-preview:large, max-video-preview:-1\" \/>\n<link rel=\"canonical\" href=\"https:\/\/manual.adservio.ro\/web\/termeni-si-conditii\/\" \/>\n<meta property=\"og:locale\" content=\"ro_RO\" \/>\n<meta property=\"og:type\" content=\"article\" \/>\n<meta property=\"og:title\" content=\"Termeni \u0219i condi\u021bii - Manual web - Adservio\" \/>\n<meta property=\"og:description\" content=\"[vc_row row_content_display=&#8221;in_grid&#8221; row_content_display_align=&#8221;left&#8221; row_type=&#8221;row&#8221; stretch_row_type=&#8221;yes&#8221;][vc_column][vc_empty_space][vc_column_text]Bun venit la Adservio! V\u0103 mul\u021bumim pentru accesarea website-ului http:\/\/www.manual.adservio.ro. Serviciile sunt oferite de companiile Adservio Social Innovation \u0219i Adservio Center cu sediile \u00een Ia\u0219i, Strada Morilor nr.56, \u00een continuare denumite &#8220;Adservio&#8221;. Accesul \u0219i utilizarea blogului sunt gratuite \u0219i au scopul de a veni \u00een ajutor celor care doresc s\u0103 afle [&hellip;]\" \/>\n<meta property=\"og:url\" content=\"https:\/\/manual.adservio.ro\/web\/termeni-si-conditii\/\" \/>\n<meta property=\"og:site_name\" content=\"Manual web - Adservio\" \/>\n<meta property=\"article:publisher\" content=\"https:\/\/www.facebook.com\/adservio.ro\/\" \/>\n<meta property=\"og:image\" content=\"https:\/\/manual.adservio.ro\/web\/wp-content\/uploads\/2020\/07\/manual-_share.png\" \/>\n\t<meta property=\"og:image:width\" content=\"1921\" \/>\n\t<meta property=\"og:image:height\" content=\"1080\" \/>\n\t<meta property=\"og:image:type\" content=\"image\/png\" \/>\n<meta name=\"twitter:card\" content=\"summary_large_image\" \/>\n<meta name=\"twitter:site\" content=\"@adservioromania\" \/>\n<meta name=\"twitter:label1\" content=\"Timp estimat pentru citire\" \/>\n\t<meta name=\"twitter:data1\" content=\"3 minute\" \/>\n<script type=\"application\/ld+json\" class=\"yoast-schema-graph\">{\"@context\":\"https:\\\/\\\/schema.org\",\"@graph\":[{\"@type\":\"WebPage\",\"@id\":\"https:\\\/\\\/manual.adservio.ro\\\/web\\\/termeni-si-conditii\\\/\",\"url\":\"https:\\\/\\\/manual.adservio.ro\\\/web\\\/termeni-si-conditii\\\/\",\"name\":\"Termeni \u0219i condi\u021bii - Manual web - Adservio\",\"isPartOf\":{\"@id\":\"https:\\\/\\\/manual.adservio.ro\\\/web\\\/#website\"},\"datePublished\":\"2021-07-30T10:35:07+00:00\",\"breadcrumb\":{\"@id\":\"https:\\\/\\\/manual.adservio.ro\\\/web\\\/termeni-si-conditii\\\/#breadcrumb\"},\"inLanguage\":\"ro-RO\",\"potentialAction\":[{\"@type\":\"ReadAction\",\"target\":[\"https:\\\/\\\/manual.adservio.ro\\\/web\\\/termeni-si-conditii\\\/\"]}]},{\"@type\":\"BreadcrumbList\",\"@id\":\"https:\\\/\\\/manual.adservio.ro\\\/web\\\/termeni-si-conditii\\\/#breadcrumb\",\"itemListElement\":[{\"@type\":\"ListItem\",\"position\":1,\"name\":\"Prima pagin\u0103\",\"item\":\"https:\\\/\\\/manual.adservio.ro\\\/web\\\/\"},{\"@type\":\"ListItem\",\"position\":2,\"name\":\"Termeni \u0219i condi\u021bii\"}]},{\"@type\":\"WebSite\",\"@id\":\"https:\\\/\\\/manual.adservio.ro\\\/web\\\/#website\",\"url\":\"https:\\\/\\\/manual.adservio.ro\\\/web\\\/\",\"name\":\"Manual web - Adservio\",\"description\":\"Afl\u0103 cum po\u021bi utiliza toate func\u021bionalit\u0103\u021bile contului t\u0103u Adservio\",\"publisher\":{\"@id\":\"https:\\\/\\\/manual.adservio.ro\\\/web\\\/#organization\"},\"potentialAction\":[{\"@type\":\"SearchAction\",\"target\":{\"@type\":\"EntryPoint\",\"urlTemplate\":\"https:\\\/\\\/manual.adservio.ro\\\/web\\\/?s={search_term_string}\"},\"query-input\":{\"@type\":\"PropertyValueSpecification\",\"valueRequired\":true,\"valueName\":\"search_term_string\"}}],\"inLanguage\":\"ro-RO\"},{\"@type\":\"Organization\",\"@id\":\"https:\\\/\\\/manual.adservio.ro\\\/web\\\/#organization\",\"name\":\"Manual Adservio web\",\"url\":\"https:\\\/\\\/manual.adservio.ro\\\/web\\\/\",\"logo\":{\"@type\":\"ImageObject\",\"inLanguage\":\"ro-RO\",\"@id\":\"https:\\\/\\\/manual.adservio.ro\\\/web\\\/#\\\/schema\\\/logo\\\/image\\\/\",\"url\":\"https:\\\/\\\/manual.adservio.ro\\\/web\\\/wp-content\\\/uploads\\\/2020\\\/06\\\/logo-_white-background.png\",\"contentUrl\":\"https:\\\/\\\/manual.adservio.ro\\\/web\\\/wp-content\\\/uploads\\\/2020\\\/06\\\/logo-_white-background.png\",\"width\":958,\"height\":210,\"caption\":\"Manual Adservio web\"},\"image\":{\"@id\":\"https:\\\/\\\/manual.adservio.ro\\\/web\\\/#\\\/schema\\\/logo\\\/image\\\/\"},\"sameAs\":[\"https:\\\/\\\/www.facebook.com\\\/adservio.ro\\\/\",\"https:\\\/\\\/x.com\\\/adservioromania\",\"https:\\\/\\\/www.instagram.com\\\/adservio_romania\\\/\",\"https:\\\/\\\/www.linkedin.com\\\/organization-guest\\\/company\\\/adservio\",\"https:\\\/\\\/www.youtube.com\\\/channel\\\/UCtGGxjckyvQeBOsfjF7quvA\"]}]}<\/script>\n<!-- \/ Yoast SEO plugin. -->","yoast_head_json":{"title":"Termeni \u0219i condi\u021bii - Manual web - Adservio","robots":{"index":"index","follow":"follow","max-snippet":"max-snippet:-1","max-image-preview":"max-image-preview:large","max-video-preview":"max-video-preview:-1"},"canonical":"https:\/\/manual.adservio.ro\/web\/termeni-si-conditii\/","og_locale":"ro_RO","og_type":"article","og_title":"Termeni \u0219i condi\u021bii - Manual web - Adservio","og_description":"[vc_row row_content_display=&#8221;in_grid&#8221; row_content_display_align=&#8221;left&#8221; row_type=&#8221;row&#8221; stretch_row_type=&#8221;yes&#8221;][vc_column][vc_empty_space][vc_column_text]Bun venit la Adservio! V\u0103 mul\u021bumim pentru accesarea website-ului http:\/\/www.manual.adservio.ro. Serviciile sunt oferite de companiile Adservio Social Innovation \u0219i Adservio Center cu sediile \u00een Ia\u0219i, Strada Morilor nr.56, \u00een continuare denumite &#8220;Adservio&#8221;. Accesul \u0219i utilizarea blogului sunt gratuite \u0219i au scopul de a veni \u00een ajutor celor care doresc s\u0103 afle [&hellip;]","og_url":"https:\/\/manual.adservio.ro\/web\/termeni-si-conditii\/","og_site_name":"Manual web - Adservio","article_publisher":"https:\/\/www.facebook.com\/adservio.ro\/","og_image":[{"width":1921,"height":1080,"url":"https:\/\/manual.adservio.ro\/web\/wp-content\/uploads\/2020\/07\/manual-_share.png","type":"image\/png"}],"twitter_card":"summary_large_image","twitter_site":"@adservioromania","twitter_misc":{"Timp estimat pentru citire":"3 minute"},"schema":{"@context":"https:\/\/schema.org","@graph":[{"@type":"WebPage","@id":"https:\/\/manual.adservio.ro\/web\/termeni-si-conditii\/","url":"https:\/\/manual.adservio.ro\/web\/termeni-si-conditii\/","name":"Termeni \u0219i condi\u021bii - Manual web - Adservio","isPartOf":{"@id":"https:\/\/manual.adservio.ro\/web\/#website"},"datePublished":"2021-07-30T10:35:07+00:00","breadcrumb":{"@id":"https:\/\/manual.adservio.ro\/web\/termeni-si-conditii\/#breadcrumb"},"inLanguage":"ro-RO","potentialAction":[{"@type":"ReadAction","target":["https:\/\/manual.adservio.ro\/web\/termeni-si-conditii\/"]}]},{"@type":"BreadcrumbList","@id":"https:\/\/manual.adservio.ro\/web\/termeni-si-conditii\/#breadcrumb","itemListElement":[{"@type":"ListItem","position":1,"name":"Prima pagin\u0103","item":"https:\/\/manual.adservio.ro\/web\/"},{"@type":"ListItem","position":2,"name":"Termeni \u0219i condi\u021bii"}]},{"@type":"WebSite","@id":"https:\/\/manual.adservio.ro\/web\/#website","url":"https:\/\/manual.adservio.ro\/web\/","name":"Manual web - Adservio","description":"Afl\u0103 cum po\u021bi utiliza toate func\u021bionalit\u0103\u021bile contului t\u0103u Adservio","publisher":{"@id":"https:\/\/manual.adservio.ro\/web\/#organization"},"potentialAction":[{"@type":"SearchAction","target":{"@type":"EntryPoint","urlTemplate":"https:\/\/manual.adservio.ro\/web\/?s={search_term_string}"},"query-input":{"@type":"PropertyValueSpecification","valueRequired":true,"valueName":"search_term_string"}}],"inLanguage":"ro-RO"},{"@type":"Organization","@id":"https:\/\/manual.adservio.ro\/web\/#organization","name":"Manual Adservio web","url":"https:\/\/manual.adservio.ro\/web\/","logo":{"@type":"ImageObject","inLanguage":"ro-RO","@id":"https:\/\/manual.adservio.ro\/web\/#\/schema\/logo\/image\/","url":"https:\/\/manual.adservio.ro\/web\/wp-content\/uploads\/2020\/06\/logo-_white-background.png","contentUrl":"https:\/\/manual.adservio.ro\/web\/wp-content\/uploads\/2020\/06\/logo-_white-background.png","width":958,"height":210,"caption":"Manual Adservio web"},"image":{"@id":"https:\/\/manual.adservio.ro\/web\/#\/schema\/logo\/image\/"},"sameAs":["https:\/\/www.facebook.com\/adservio.ro\/","https:\/\/x.com\/adservioromania","https:\/\/www.instagram.com\/adservio_romania\/","https:\/\/www.linkedin.com\/organization-guest\/company\/adservio","https:\/\/www.youtube.com\/channel\/UCtGGxjckyvQeBOsfjF7quvA"]}]}},"_links":{"self":[{"href":"https:\/\/manual.adservio.ro\/web\/wp-json\/wp\/v2\/pages\/6323","targetHints":{"allow":["GET"]}}],"collection":[{"href":"https:\/\/manual.adservio.ro\/web\/wp-json\/wp\/v2\/pages"}],"about":[{"href":"https:\/\/manual.adservio.ro\/web\/wp-json\/wp\/v2\/types\/page"}],"author":[{"embeddable":true,"href":"https:\/\/manual.adservio.ro\/web\/wp-json\/wp\/v2\/users\/1"}],"replies":[{"embeddable":true,"href":"https:\/\/manual.adservio.ro\/web\/wp-json\/wp\/v2\/comments?post=6323"}],"version-history":[{"count":0,"href":"https:\/\/manual.adservio.ro\/web\/wp-json\/wp\/v2\/pages\/6323\/revisions"}],"wp:attachment":[{"href":"https:\/\/manual.adservio.ro\/web\/wp-json\/wp\/v2\/media?parent=6323"}],"curies":[{"name":"wp","href":"https:\/\/api.w.org\/{rel}","templated":true}]}}